{"id":181,"date":"2025-03-01T06:24:31","date_gmt":"2025-03-01T06:24:31","guid":{"rendered":"https:\/\/furtherkingdom.hashcyber.website\/?page_id=181"},"modified":"2025-03-01T06:24:52","modified_gmt":"2025-03-01T06:24:52","slug":"politique-des-cookies","status":"publish","type":"page","link":"https:\/\/sarahdigitalimpact.com\/index.php\/politique-des-cookies\/","title":{"rendered":"Politique des cookies"},"content":{"rendered":"\t\t<div data-elementor-type=\"wp-page\" data-elementor-id=\"181\" class=\"elementor elementor-181\" data-elementor-post-type=\"page\">\n\t\t\t\t<div class=\"elementor-element elementor-element-7ea6bc2 e-flex e-con-boxed e-con e-parent\" data-id=\"7ea6bc2\" data-element_type=\"container\">\n\t\t\t\t\t<div class=\"e-con-inner\">\n\t\t\t\t<div class=\"elementor-element elementor-element-470cc3f elementor-widget elementor-widget-heading\" data-id=\"470cc3f\" data-element_type=\"widget\" data-widget_type=\"heading.default\">\n\t\t\t\t<div class=\"elementor-widget-container\">\n\t\t\t\t\t<h2 class=\"elementor-heading-title elementor-size-default\">Politique des cookies<\/h2>\t\t\t\t<\/div>\n\t\t\t\t<\/div>\n\t\t\t\t<div class=\"elementor-element elementor-element-db9723c elementor-widget elementor-widget-text-editor\" data-id=\"db9723c\" data-element_type=\"widget\" data-widget_type=\"text-editor.default\">\n\t\t\t\t<div class=\"elementor-widget-container\">\n\t\t\t\t\t\t\t\t\t<p data-start=\"1716\" data-end=\"1754\">Derni\u00e8re mise \u00e0 jour : 1er mars 2025<\/p><p data-start=\"1756\" data-end=\"1982\">Ce site utilise des cookies pour am\u00e9liorer l\u2019exp\u00e9rience utilisateur et analyser le trafic. Les cookies sont de petits fichiers stock\u00e9s sur votre appareil qui permettent de faciliter la navigation et d\u2019optimiser nos services.<\/p><p data-start=\"1984\" data-end=\"2225\">Nous utilisons des cookies essentiels pour le bon fonctionnement du site, ainsi que des cookies analytiques pour mieux comprendre l\u2019usage de nos services. Vous pouvez g\u00e9rer vos pr\u00e9f\u00e9rences de cookies via les param\u00e8tres de votre navigateur.<\/p><p data-start=\"2227\" data-end=\"2338\">En continuant \u00e0 naviguer sur ce site, vous acceptez l\u2019utilisation des cookies conform\u00e9ment \u00e0 cette politique.<\/p><p data-start=\"2340\" data-end=\"2461\" data-is-last-node=\"\" data-is-only-node=\"\">Pour toute question sur notre politique des cookies, veuillez consulter notre page de contact et remplir le formulaire.<\/p>\t\t\t\t\t\t\t\t<\/div>\n\t\t\t\t<\/div>\n\t\t\t\t\t<\/div>\n\t\t\t\t<\/div>\n\t\t\t\t<\/div>\n\t\t","protected":false},"excerpt":{"rendered":"<p>Derni\u00e8re mise \u00e0 jour : 1er mars 2025 Ce site utilise des cookies pour am\u00e9liorer l\u2019exp\u00e9rience utilisateur et analyser le trafic. Les cookies sont de petits fichiers stock\u00e9s sur votre appareil qui permettent de faciliter la navigation et d\u2019optimiser nos services. Nous utilisons des cookies essentiels pour le bon fonctionnement du site, ainsi que des [&hellip;]<\/p>\n","protected":false},"author":1,"featured_media":0,"parent":0,"menu_order":0,"comment_status":"closed","ping_status":"closed","template":"","meta":{"footnotes":""},"class_list":["post-181","page","type-page","status-publish","hentry"],"_links":{"self":[{"href":"https:\/\/sarahdigitalimpact.com\/index.php\/wp-json\/wp\/v2\/pages\/181","targetHints":{"allow":["GET"]}}],"collection":[{"href":"https:\/\/sarahdigitalimpact.com\/index.php\/wp-json\/wp\/v2\/pages"}],"about":[{"href":"https:\/\/sarahdigitalimpact.com\/index.php\/wp-json\/wp\/v2\/types\/page"}],"author":[{"embeddable":true,"href":"https:\/\/sarahdigitalimpact.com\/index.php\/wp-json\/wp\/v2\/users\/1"}],"replies":[{"embeddable":true,"href":"https:\/\/sarahdigitalimpact.com\/index.php\/wp-json\/wp\/v2\/comments?post=181"}],"version-history":[{"count":4,"href":"https:\/\/sarahdigitalimpact.com\/index.php\/wp-json\/wp\/v2\/pages\/181\/revisions"}],"predecessor-version":[{"id":185,"href":"https:\/\/sarahdigitalimpact.com\/index.php\/wp-json\/wp\/v2\/pages\/181\/revisions\/185"}],"wp:attachment":[{"href":"https:\/\/sarahdigitalimpact.com\/index.php\/wp-json\/wp\/v2\/media?parent=181"}],"curies":[{"name":"wp","href":"https:\/\/api.w.org\/{rel}","templated":true}]}}